{"id":72,"date":"2022-07-12T19:57:23","date_gmt":"2022-07-12T19:57:23","guid":{"rendered":"https:\/\/forberedt.no\/butikk\/?post_type=product&#038;p=72"},"modified":"2023-02-22T20:52:17","modified_gmt":"2023-02-22T20:52:17","slug":"nordic-5-kg-89b-co2","status":"publish","type":"product","link":"https:\/\/forberedt.no\/butikk\/produkt\/nordic-5-kg-89b-co2\/","title":{"rendered":"Nordic 5 kg. 89B CO2"},"content":{"rendered":"<h2 class=\"if-beskrivelse-tittel\">Beskrivelse<\/h2>\n<p><strong>CO2.<\/strong><br \/>\nCO2 gassen er under trykk i flytende form inne i beholderen og g\u00e5r over til gass n\u00e5r den kommer ut gjennom dysen. CO2 gassen fortrenger oksygenet og brannen blir derfor kvalt. Nordic CO2 slukker er effektivt mot branner i v\u00e6sker og kan benyttes mot branner i elektriske anlegg. Nordic CO2 slukker t\u00e5ler frost og anbefalt temperaturomr\u00e5det er s\u00e5ledes -30\u00b0C til +60\u00b0C.<\/p>\n<p><strong>Vedlikehold og sekund\u00e6rskader.<\/strong><br \/>\nEn CO2 slukker b\u00f8r vedlikeholdes i.h.t. NS-3910; Standard for vedlikehold av h\u00e5ndslukkere.<\/p>\n<p>Nordic CO2 slukker gir ingen sekund\u00e6rskader, da CO2 gassen som kommer ut ikke forurenser milj\u00f8et rundt. S\u00e5ledes er CO2 spesielt godt egnet steder der man har sensitive apparater eller at sjansen for utilsiktet utl\u00f8sning eller h\u00e6rverk er stor.<\/p>\n<p><strong>Godt egnet til:<\/strong><br \/>\nSpesielt godt egnet til sensitive milj\u00f8er der sekund\u00e6rskader vil gi driftsavbrudd eller store skader; elektriske installasjoner, storkj\u00f8kken, datarom, industri, sykehus og motorrom.<\/p>\n<p><strong>Tekniske data:<\/strong><br \/>\n<strong>Dimensjoner (h + \u00d8):<\/strong>\u00a0ca. 75,5 cm, \u00d8 13,5 cm. ( uten sn\u00f8r\u00f8r )<br \/>\n<strong>Vekt:<\/strong>\u00a0ca. 14,1 kg.<br \/>\n<strong>Brannklasse:<\/strong>\u00a0B<br \/>\n<strong>Effektklasse:<\/strong>\u00a089B<br \/>\n<strong>Driftstemperatur:<\/strong>\u00a0-30\u00b0C til +60\u00b0C<br \/>\n<strong>Reklamasjonsrett:<\/strong>\u00a0I.h.t. kj\u00f8psloven; 5 \u00e5r ved forbruker kj\u00f8p \/ 1 \u00e5r ved n\u00e6ringskj\u00f8p.<br \/>\n<strong>Standarder:<\/strong>\u00a0NS-EN 3 og CE-0409<br \/>\n<strong>Sertifisering:<\/strong>\u00a0CE-0409, DNV lisensnummer: 180-33<br \/>\n<strong>Leveringsomfang:<\/strong>\u00a0Veggbrakett, bruksanvisning med piktogrammer p\u00e5 slukkeren og samsvarserkl\u00e6ring.<\/p>\n","protected":false},"excerpt":{"rendered":"<p>Nordic 5 kg. CO2 brannslukker holder h\u00f8y kvalitet og er godkjent i henhold til norske og europeiske standarder.<br \/>\nSpesielt godt egnet til sensitive milj\u00f8er der sekund\u00e6rskader vil gi driftsavbrudd eller store skader; elektriske installasjoner, storkj\u00f8kken, datarom, industri, sykehus og motorrom.<\/p>\n","protected":false},"featured_media":73,"comment_status":"open","ping_status":"closed","template":"","meta":[],"product_brand":[],"product_cat":[22,28],"product_tag":[],"class_list":{"0":"post-72","1":"product","2":"type-product","3":"status-publish","4":"has-post-thumbnail","6":"product_cat-brannvern","7":"product_cat-egenberedskap","9":"first","10":"instock","11":"taxable","12":"shipping-taxable","13":"product-type-simple"},"_links":{"self":[{"href":"https:\/\/forberedt.no\/butikk\/wp-json\/wp\/v2\/product\/72","targetHints":{"allow":["GET"]}}],"collection":[{"href":"https:\/\/forberedt.no\/butikk\/wp-json\/wp\/v2\/product"}],"about":[{"href":"https:\/\/forberedt.no\/butikk\/wp-json\/wp\/v2\/types\/product"}],"replies":[{"embeddable":true,"href":"https:\/\/forberedt.no\/butikk\/wp-json\/wp\/v2\/comments?post=72"}],"wp:featuredmedia":[{"embeddable":true,"href":"https:\/\/forberedt.no\/butikk\/wp-json\/wp\/v2\/media\/73"}],"wp:attachment":[{"href":"https:\/\/forberedt.no\/butikk\/wp-json\/wp\/v2\/media?parent=72"}],"wp:term":[{"taxonomy":"product_brand","embeddable":true,"href":"https:\/\/forberedt.no\/butikk\/wp-json\/wp\/v2\/product_brand?post=72"},{"taxonomy":"product_cat","embeddable":true,"href":"https:\/\/forberedt.no\/butikk\/wp-json\/wp\/v2\/product_cat?post=72"},{"taxonomy":"product_tag","embeddable":true,"href":"https:\/\/forberedt.no\/butikk\/wp-json\/wp\/v2\/product_tag?post=72"}],"curies":[{"name":"wp","href":"https:\/\/api.w.org\/{rel}","templated":true}]}}