{"id":69,"date":"2022-07-12T19:53:41","date_gmt":"2022-07-12T19:53:41","guid":{"rendered":"https:\/\/forberedt.no\/butikk\/?post_type=product&#038;p=69"},"modified":"2022-07-12T19:58:36","modified_gmt":"2022-07-12T19:58:36","slug":"extrem-forstehjelpspakning","status":"publish","type":"product","link":"https:\/\/forberedt.no\/butikk\/produkt\/extrem-forstehjelpspakning\/","title":{"rendered":"Extrem f\u00f8rstehjelpspakning"},"content":{"rendered":"<p>F\u00f8rstehjelpspakning<\/p>\n<p>Denne passer alle som er ute p\u00e5 tur uansett transportmiddel. Den er vanntett og lett i vekt<\/p>\n<p>Dette er en pakke som er pakket av Forberedt med den erfaring og det som legges opp i f\u00f8rstehjelpskurset v\u00e5rt. Utstyret m\u00e5 st\u00e5 i forhold til de farene og de ferdigheten som den som skal bruke utstyret. Innhold:<\/p>\n<ul>\n<li>1 stk Saks<\/li>\n<li>5 stk Trekanttr\u00f8kler<\/li>\n<li>3 stk Idealbind (st\u00f8ttebandasje)<\/li>\n<li>2 stk S\u00f8ppelsekker<\/li>\n<li>1 rull Sportstape<\/li>\n<\/ul>\n","protected":false},"excerpt":{"rendered":"<p>F\u00f8rstehjelpspakning<\/p>\n<p>Denne passer alle som er ute p\u00e5 tur uansett transportmiddel. Den er vanntett og lett i vekt.<\/p>\n","protected":false},"featured_media":71,"comment_status":"open","ping_status":"closed","template":"","meta":[],"product_brand":[],"product_cat":[28,27],"product_tag":[],"class_list":{"0":"post-69","1":"product","2":"type-product","3":"status-publish","4":"has-post-thumbnail","6":"product_cat-egenberedskap","7":"product_cat-forstehjelp","9":"first","10":"instock","11":"taxable","12":"shipping-taxable","13":"product-type-simple"},"_links":{"self":[{"href":"https:\/\/forberedt.no\/butikk\/wp-json\/wp\/v2\/product\/69","targetHints":{"allow":["GET"]}}],"collection":[{"href":"https:\/\/forberedt.no\/butikk\/wp-json\/wp\/v2\/product"}],"about":[{"href":"https:\/\/forberedt.no\/butikk\/wp-json\/wp\/v2\/types\/product"}],"replies":[{"embeddable":true,"href":"https:\/\/forberedt.no\/butikk\/wp-json\/wp\/v2\/comments?post=69"}],"wp:featuredmedia":[{"embeddable":true,"href":"https:\/\/forberedt.no\/butikk\/wp-json\/wp\/v2\/media\/71"}],"wp:attachment":[{"href":"https:\/\/forberedt.no\/butikk\/wp-json\/wp\/v2\/media?parent=69"}],"wp:term":[{"taxonomy":"product_brand","embeddable":true,"href":"https:\/\/forberedt.no\/butikk\/wp-json\/wp\/v2\/product_brand?post=69"},{"taxonomy":"product_cat","embeddable":true,"href":"https:\/\/forberedt.no\/butikk\/wp-json\/wp\/v2\/product_cat?post=69"},{"taxonomy":"product_tag","embeddable":true,"href":"https:\/\/forberedt.no\/butikk\/wp-json\/wp\/v2\/product_tag?post=69"}],"curies":[{"name":"wp","href":"https:\/\/api.w.org\/{rel}","templated":true}]}}