{"id":60,"date":"2022-07-12T17:51:40","date_gmt":"2022-07-12T17:51:40","guid":{"rendered":"https:\/\/forberedt.no\/butikk\/?post_type=product&#038;p=60"},"modified":"2022-07-12T19:11:10","modified_gmt":"2022-07-12T19:11:10","slug":"zarges-k470-60x40x40","status":"publish","type":"product","link":"https:\/\/forberedt.no\/butikk\/produkt\/zarges-k470-60x40x40\/","title":{"rendered":"Zarges K470 60X40X40"},"content":{"rendered":"<div>\n<p>ZARGES K 470 er multifunksjonskassen som t\u00e5ler det meste og som gir optimal beskyttelse, er god \u00e5 h\u00e5ndtere og har lang levetid. Denne soliditeten kombinert med god ergonomi bidrar til en problemfri og mer l\u00f8nnsom arbeidsdag.Perfeksjonert gjennom 60 \u00e5r Zarges heavy duty kasseserie K470 har gradvis blitt utviklet og forbedret siden begynnelsen av 50-tallet. I dag er denne solide multifunksjonskassen en sann klassiker innenfor Zarges rikholdige utvalg av profesjonelle transportkasser og har satt en standard for mange andre suksessfulle Zarges-produkter.<\/p>\n<p><strong>Fortrinn<\/strong><\/p>\n<ul>\n<li>Stor styrke \u2013 lang levetid<\/li>\n<li>Ingen detaljer som ruster<\/li>\n<li>Lav egenvekt \u2013 lettere \u00e5 h\u00e5ndtere<\/li>\n<li>Optimal ergonomi p\u00e5 h\u00e5ndtak og haspel\u00e5ser<\/li>\n<li>Stort utvalg av brukervennlig tilbeh\u00f8r, som hjul, st\u00f8tdempende foringer, etc.<\/li>\n<li>Finnes i andre standardst\u00f8rrelser<\/li>\n<\/ul>\n<\/div>\n","protected":false},"excerpt":{"rendered":"<p>ZARGES K 470, Transportkasse i aluminium: Gir ditt utstyr den ultimate beskyttelse, det virker n\u00e5r du kommer frem!<\/p>\n","protected":false},"featured_media":63,"comment_status":"open","ping_status":"closed","template":"","meta":[],"product_brand":[],"product_cat":[28,30],"product_tag":[],"class_list":{"0":"post-60","1":"product","2":"type-product","3":"status-publish","4":"has-post-thumbnail","6":"product_cat-egenberedskap","7":"product_cat-oppbevaring","9":"first","10":"instock","11":"taxable","12":"shipping-taxable","13":"product-type-simple"},"_links":{"self":[{"href":"https:\/\/forberedt.no\/butikk\/wp-json\/wp\/v2\/product\/60","targetHints":{"allow":["GET"]}}],"collection":[{"href":"https:\/\/forberedt.no\/butikk\/wp-json\/wp\/v2\/product"}],"about":[{"href":"https:\/\/forberedt.no\/butikk\/wp-json\/wp\/v2\/types\/product"}],"replies":[{"embeddable":true,"href":"https:\/\/forberedt.no\/butikk\/wp-json\/wp\/v2\/comments?post=60"}],"wp:featuredmedia":[{"embeddable":true,"href":"https:\/\/forberedt.no\/butikk\/wp-json\/wp\/v2\/media\/63"}],"wp:attachment":[{"href":"https:\/\/forberedt.no\/butikk\/wp-json\/wp\/v2\/media?parent=60"}],"wp:term":[{"taxonomy":"product_brand","embeddable":true,"href":"https:\/\/forberedt.no\/butikk\/wp-json\/wp\/v2\/product_brand?post=60"},{"taxonomy":"product_cat","embeddable":true,"href":"https:\/\/forberedt.no\/butikk\/wp-json\/wp\/v2\/product_cat?post=60"},{"taxonomy":"product_tag","embeddable":true,"href":"https:\/\/forberedt.no\/butikk\/wp-json\/wp\/v2\/product_tag?post=60"}],"curies":[{"name":"wp","href":"https:\/\/api.w.org\/{rel}","templated":true}]}}