{"id":43,"date":"2022-07-12T13:50:21","date_gmt":"2022-07-12T13:50:21","guid":{"rendered":"https:\/\/forberedt.no\/butikk\/?post_type=product&#038;p=43"},"modified":"2023-03-05T13:47:41","modified_gmt":"2023-03-05T13:47:41","slug":"nexa-brannteppe-120-x-120cm","status":"publish","type":"product","link":"https:\/\/forberedt.no\/butikk\/produkt\/nexa-brannteppe-120-x-120cm\/","title":{"rendered":"Brannteppe 120 x 120cm"},"content":{"rendered":"<p><iframe loading=\"lazy\" title=\"Bruk av brannteppe\" width=\"525\" height=\"295\" src=\"https:\/\/www.youtube.com\/embed\/xq6eLGuw1Uc?feature=oembed\" frameborder=\"0\" allow=\"accelerometer; autoplay; clipboard-write; encrypted-media; gyroscope; picture-in-picture; web-share\" referrerpolicy=\"strict-origin-when-cross-origin\" allowfullscreen><\/iframe><\/p>\n<h3>Hvordan bruke et brannteppe:<\/h3>\n<ul>\n<li>Ta ut teppet av posen ved \u00e5 dra i h\u00e5ndtakene.<\/li>\n<li>Hold teppe foran deg og legg det over brannen.<\/li>\n<li>Pakk godt rundt s\u00e5 ikke luft kommer til.<\/li>\n<li>La teppet ligge over gjenstanden inntil det er kj\u00f8lig \u00e5 ta p\u00e5 hele teppet.<\/li>\n<li>Teppet har lite kj\u00f8lende effekt, s\u00e5 det kan v\u00e6re aktuelt med etterslukking for \u00e5 v\u00e6re sikker p\u00e5 at brannen ikke blusser opp igjen.<\/li>\n<\/ul>\n<h3>Montering:<\/h3>\n<p>Monter brannteppe slik at det lett kan n\u00e5s i en brannsituasjon. Fest gjerne teppet p\u00e5 veggen eller inne i et skap slik at du lett f\u00e5r tak i det og dratt det ut av emballasjen.<\/p>\n<h3>Vedlikehold:<\/h3>\n<p>Etter bruk m\u00e5 teppet umiddelbart byttes ut, da det kan ha oppst\u00e5tt skader p\u00e5 dette.<\/p>\n<h3>Typiske bruksomr\u00e5der:<\/h3>\n<p>P\u00e5 kj\u00f8kkenet i bolig, skoler, storkj\u00f8kken, industribedrifter, laboratorier, eldresentre, sykehus og helseinstitusjoner.<\/p>\n<h3>Teknisk spesifikasjoner:<\/h3>\n<p>Materialer: Silikonbelagt varmebestandig glassfiber.<br \/>\nMaksimal temperatur: Inntil 500\u00b0C<br \/>\nStandarder: EN-1869-2019<br \/>\nReklamasjonsrett: I.h.t. kj\u00f8psloven; 5 \u00e5r ved forbruker kj\u00f8p \/ 1 \u00e5r ved n\u00e6ringskj\u00f8p.<br \/>\nLeveringsomfang: Brannteppe i myk pose for veggmontering.<\/p>\n","protected":false},"excerpt":{"rendered":"<p>Branntepper egner seg til slokking av mindre branner og branntill\u00f8p som kan oppst\u00e5 i hjemmet og p\u00e5 arbeidsplassen; brennende gryter, juledekorasjoner, sm\u00e5 eletriske gjenstander o.l. eller personer som har brann i kl\u00e6rne. Branntepper gir ingen sekund\u00e6rskader ved bruk.<\/p>\n","protected":false},"featured_media":173,"comment_status":"open","ping_status":"closed","template":"","meta":[],"product_brand":[],"product_cat":[22],"product_tag":[24,25,26],"class_list":{"0":"post-43","1":"product","2":"type-product","3":"status-publish","4":"has-post-thumbnail","6":"product_cat-brannvern","7":"product_tag-brann","8":"product_tag-brannvern","9":"product_tag-slukkeutstyr","11":"first","12":"instock","13":"taxable","14":"shipping-taxable","15":"product-type-simple"},"_links":{"self":[{"href":"https:\/\/forberedt.no\/butikk\/wp-json\/wp\/v2\/product\/43","targetHints":{"allow":["GET"]}}],"collection":[{"href":"https:\/\/forberedt.no\/butikk\/wp-json\/wp\/v2\/product"}],"about":[{"href":"https:\/\/forberedt.no\/butikk\/wp-json\/wp\/v2\/types\/product"}],"replies":[{"embeddable":true,"href":"https:\/\/forberedt.no\/butikk\/wp-json\/wp\/v2\/comments?post=43"}],"wp:featuredmedia":[{"embeddable":true,"href":"https:\/\/forberedt.no\/butikk\/wp-json\/wp\/v2\/media\/173"}],"wp:attachment":[{"href":"https:\/\/forberedt.no\/butikk\/wp-json\/wp\/v2\/media?parent=43"}],"wp:term":[{"taxonomy":"product_brand","embeddable":true,"href":"https:\/\/forberedt.no\/butikk\/wp-json\/wp\/v2\/product_brand?post=43"},{"taxonomy":"product_cat","embeddable":true,"href":"https:\/\/forberedt.no\/butikk\/wp-json\/wp\/v2\/product_cat?post=43"},{"taxonomy":"product_tag","embeddable":true,"href":"https:\/\/forberedt.no\/butikk\/wp-json\/wp\/v2\/product_tag?post=43"}],"curies":[{"name":"wp","href":"https:\/\/api.w.org\/{rel}","templated":true}]}}