{"id":37,"date":"2022-07-12T13:47:27","date_gmt":"2022-07-12T13:47:27","guid":{"rendered":"https:\/\/forberedt.no\/butikk\/?post_type=product&#038;p=37"},"modified":"2024-10-12T23:12:08","modified_gmt":"2024-10-12T23:12:08","slug":"slukkeskum-multipro-frostsikret-til-30c-a-b-og-f-klasse","status":"publish","type":"product","link":"https:\/\/forberedt.no\/butikk\/produkt\/slukkeskum-multipro-frostsikret-til-30c-a-b-og-f-klasse\/","title":{"rendered":"Slukkeskum Multipro \u2013 Frostsikret til -30\u00b0C. A, B og F-klasse"},"content":{"rendered":"<h2 class=\"if-beskrivelse-tittel\">Beskrivelse<\/h2>\n<h3>Like enkelt i bruk som h\u00e5rspray \u2013 alle kan bruke den.<\/h3>\n<p>Lav vekt, enkel og kjent betjening gj\u00f8r 110 Slukkeskum Multipro enklere og raskere i bruk enn tradisjonelle brannslukkere for personer i alle aldre.<\/p>\n<p>Den unike konstruksjonen gj\u00f8r at den kan brukes i alle vinkler, ogs\u00e5 opp ned.<\/p>\n<p>Selve slukkemiddelet ligger i en bl\u00e6re inne i boksen og blir \u201dklemt ut\u201d. Forseglingen gj\u00f8r at man enkelt ser\u00a0 om 110 Slukkeskum Multipro er ubrukt og klar til bruk.<\/p>\n<h3>Tilpasset det norske klimaet.<\/h3>\n<p>Spesialutviklet for \u00e5 ta de vanskelige fett- og oljebrannene og frostsikret til -30\u00b0C gir mange bruksomr\u00e5der. Slukkeskummet inneholder ingen merkepliktige giftige eller helseskadelige stoffer. Ingen drivgass, beholderen er trykksatt med ren luft.<\/p>\n<p>110 Slukkeskum Multipro er kvalitetsprodukt som er produsert i EU.<\/p>\n<h3>Enkel avfallsh\u00e5ndtering.<\/h3>\n<p>110 Slukkeskum Multipro er merket med Gr\u00f8nt Punkt og skal sorteres som restavfall.<\/p>\n<h3>Du husker nummeret til brannvesenet.<\/h3>\n<p>\u201dRing 110 logoen\u201d ble valgt til produktet for \u00e5 \u00f8ke bevisstheten rundt n\u00f8dnummeret til brannvesenet.<\/p>\n<h3>Bruksomr\u00e5der:<\/h3>\n<p>I hjemmet (kj\u00f8kken, stue, garasje og hobby), p\u00e5 kontoret, i verkt\u00f8ykassa til h\u00e5ndverkeren, p\u00e5 hytta, i bilen, i campingvogn \/ bobil, p\u00e5 b\u00e5ten og med i tursekken.<\/p>\n<p>Alle steder hvor en brann kan oppst\u00e5 b\u00f8r 110 Slukkeskum Multipro v\u00e6re klar til bruk.<\/p>\n<h3>Tekniske data:<\/h3>\n<p><strong>Dimensjoner:<\/strong>\u00a0\u00d8 65 mm, H: 238 mm.<br \/>\n<strong>Vekt:<\/strong>\u00a0ca. 592 gram.<br \/>\n<strong>Mengde slukkemiddel:<\/strong>\u00a0400 ml.\/ 512 gr.<br \/>\n<strong>Type slukkemiddel:<\/strong>\u00a0110 Multipro, frostsikret klasse ABF<br \/>\n<strong>Konstruksjon:<\/strong>\u00a0Innvendig bl\u00e6re. Slukkeegenskaper: Mindre branner og branntill\u00f8p i klasse A, B og F. 110 Slukkeskum Multipro er meget godt egnet mot brann i brennende fett og oljer. Kan ogs\u00e5 benyttes p\u00e5 elektriske branner inntil 240 volt.<br \/>\n<strong>T\u00f8mmetid:<\/strong>\u00a0ca. 14 sekunder.<br \/>\n<strong>Kastelengde:<\/strong>\u00a0Minimum 2.5 meter.<br \/>\n<strong>Drivgass:<\/strong>\u00a0Komprimert luft.<br \/>\n<strong>Trykk:<\/strong>\u00a08 bar \/ 0,8 Mpa.<br \/>\n<strong>Holdbarhet:<\/strong>\u00a0Best f\u00f8r dato er angitt p\u00e5 bunnen.<br \/>\n<strong>Brukstemperatur:<\/strong>\u00a0-30\u00b0C til + 50\u00b0C<\/p>\n","protected":false},"excerpt":{"rendered":"<p>110 Slukkeskum Multipro er en liten \u201dsprayboks\u201d skumslukker som er enkel og effektiv ved sm\u00e5 branner og branntill\u00f8p\u00a0som gir lite sekund\u00e6rskader ved bruk. Den er tilpasset v\u00e5rt klima og er frostsikret til -30\u00b0C. Spesielt utviklet for ogs\u00e5 \u00e5 slukke de vanskelige fett- og oljebrannene.<\/p>\n<p>110 Slukkeskum er et godt supplement for \u00e5 \u00f8ke brannsikkerheten, men erstatter ikke krav til manuelt slukkeutstyr.<\/p>\n","protected":false},"featured_media":38,"comment_status":"open","ping_status":"closed","template":"","meta":[],"product_brand":[],"product_cat":[22],"product_tag":[],"class_list":{"0":"post-37","1":"product","2":"type-product","3":"status-publish","4":"has-post-thumbnail","6":"product_cat-brannvern","8":"first","9":"instock","10":"taxable","11":"shipping-taxable","12":"product-type-simple"},"_links":{"self":[{"href":"https:\/\/forberedt.no\/butikk\/wp-json\/wp\/v2\/product\/37","targetHints":{"allow":["GET"]}}],"collection":[{"href":"https:\/\/forberedt.no\/butikk\/wp-json\/wp\/v2\/product"}],"about":[{"href":"https:\/\/forberedt.no\/butikk\/wp-json\/wp\/v2\/types\/product"}],"replies":[{"embeddable":true,"href":"https:\/\/forberedt.no\/butikk\/wp-json\/wp\/v2\/comments?post=37"}],"wp:featuredmedia":[{"embeddable":true,"href":"https:\/\/forberedt.no\/butikk\/wp-json\/wp\/v2\/media\/38"}],"wp:attachment":[{"href":"https:\/\/forberedt.no\/butikk\/wp-json\/wp\/v2\/media?parent=37"}],"wp:term":[{"taxonomy":"product_brand","embeddable":true,"href":"https:\/\/forberedt.no\/butikk\/wp-json\/wp\/v2\/product_brand?post=37"},{"taxonomy":"product_cat","embeddable":true,"href":"https:\/\/forberedt.no\/butikk\/wp-json\/wp\/v2\/product_cat?post=37"},{"taxonomy":"product_tag","embeddable":true,"href":"https:\/\/forberedt.no\/butikk\/wp-json\/wp\/v2\/product_tag?post=37"}],"curies":[{"name":"wp","href":"https:\/\/api.w.org\/{rel}","templated":true}]}}