{"id":239,"date":"2025-08-28T11:27:52","date_gmt":"2025-08-28T09:27:52","guid":{"rendered":"https:\/\/forberedt.no\/butikk\/?post_type=product&#038;p=239"},"modified":"2025-08-28T11:32:23","modified_gmt":"2025-08-28T09:32:23","slug":"zoll-aed-plus-trainer-2","status":"publish","type":"product","link":"https:\/\/forberedt.no\/butikk\/produkt\/zoll-aed-plus-trainer-2\/","title":{"rendered":"ZOLL AED Plus Trainer 2"},"content":{"rendered":"<p>Med ZOLL AED Plus Trainer 2 kan f\u00f8rstehjelpsinstrukt\u00f8rer vise og l\u00e6re opp elever hvordan de kan redde liv med en ZOLL AED Plus defibrillator.<\/p>\n<p>Hjertestartertreneren gir en god og realistisk f\u00f8lelse i gjenopplivningsfasen og HLR under bruk av en hjertestarter \u2013 inkludert ZOLLs unike tilbakemeldingssystem i sanntid.<\/p>\n<p>Treningsenheten er designet for \u00e5 etterligne en klinisk defibrillator og gir en realistisk treningsopplevelse.<\/p>\n<h3>Du f\u00e5r et grafisk og brukervennlig design med AED Plus Trainer 2<\/h3>\n<p>Et bilde sier mer enn tusen ord. Det unike grafiske brukergrensesnittet p\u00e5 hjertestartertreneren guider f\u00f8rstehjelperen gjennom hvert trinn i den livreddende f\u00f8rstehjelpen. Lys p\u00e5 bildene gj\u00f8r deg oppmerksom p\u00e5 hva som m\u00e5 gj\u00f8res og i riktig rekkef\u00f8lge. Tekst og lyd samsvarer med bildene og hjelper deg \u00e5 gj\u00f8re de viktige tiltakene som kan redde liv. Bildene og lyd s\u00f8rger for at alt gj\u00f8res i riktig rekkef\u00f8lge og at eventuelle st\u00f8t kan leveres raskt.<\/p>\n<p>Hjertestartertreneren betjenes med den tr\u00e5dl\u00f8se fjernkontrollen som er enkel \u00e5 bruke og lar deg styre flere enheter samtidig. Velg mellom flere ulike senarioer og f\u00e5 bl.a. maskinen for \u00e5 veilede eleven med uttrykk som \u201cTrykk hardere\u201d eller \u201cGode kompresjoner\u201d.<\/p>\n","protected":false},"excerpt":{"rendered":"<h2 class=\"product-intro\">Hjertestartertrener med realistisk simulering<\/h2>\n<div class=\"product-short-description\">\n<ul>\n<li>Full simulering<\/li>\n<li>Realistisk f\u00f8lelse i oppstartsfasen<\/li>\n<li>Inneholder alt en instrukt\u00f8r trenger<\/li>\n<\/ul>\n<p>ZOLL AED Plus Trainer 2 gir full simulering slik at deltakere i et treningsmilj\u00f8 kan l\u00e6re riktig kompresjonshastighet og dybde ved HLR.<\/p>\n<\/div>\n","protected":false},"featured_media":240,"comment_status":"open","ping_status":"closed","template":"","meta":[],"product_brand":[],"product_cat":[15],"product_tag":[],"class_list":{"0":"post-239","1":"product","2":"type-product","3":"status-publish","4":"has-post-thumbnail","6":"product_cat-lagerrydding","8":"first","9":"instock","10":"taxable","11":"shipping-taxable","12":"product-type-simple"},"_links":{"self":[{"href":"https:\/\/forberedt.no\/butikk\/wp-json\/wp\/v2\/product\/239","targetHints":{"allow":["GET"]}}],"collection":[{"href":"https:\/\/forberedt.no\/butikk\/wp-json\/wp\/v2\/product"}],"about":[{"href":"https:\/\/forberedt.no\/butikk\/wp-json\/wp\/v2\/types\/product"}],"replies":[{"embeddable":true,"href":"https:\/\/forberedt.no\/butikk\/wp-json\/wp\/v2\/comments?post=239"}],"wp:featuredmedia":[{"embeddable":true,"href":"https:\/\/forberedt.no\/butikk\/wp-json\/wp\/v2\/media\/240"}],"wp:attachment":[{"href":"https:\/\/forberedt.no\/butikk\/wp-json\/wp\/v2\/media?parent=239"}],"wp:term":[{"taxonomy":"product_brand","embeddable":true,"href":"https:\/\/forberedt.no\/butikk\/wp-json\/wp\/v2\/product_brand?post=239"},{"taxonomy":"product_cat","embeddable":true,"href":"https:\/\/forberedt.no\/butikk\/wp-json\/wp\/v2\/product_cat?post=239"},{"taxonomy":"product_tag","embeddable":true,"href":"https:\/\/forberedt.no\/butikk\/wp-json\/wp\/v2\/product_tag?post=239"}],"curies":[{"name":"wp","href":"https:\/\/api.w.org\/{rel}","templated":true}]}}